{"id":3992,"date":"2025-05-06T16:00:47","date_gmt":"2025-05-06T21:00:47","guid":{"rendered":"https:\/\/wowboxgifts.com\/?post_type=product&#038;p=3992"},"modified":"2025-05-06T16:30:07","modified_gmt":"2025-05-06T21:30:07","slug":"la-flor-de-mi-jardin","status":"publish","type":"product","link":"https:\/\/wowboxgifts.com\/en\/product\/la-flor-de-mi-jardin\/","title":{"rendered":"La flor de mi jard\u00edn"},"content":{"rendered":"<p>Contains<\/p>\n<p><strong>Amasijos t\u00edpicos<\/strong> (Almoj\u00e1ban, esponjadita y envuelto fresquito de mazorca con queso), Jugo de naranja, Uvas dulces, <strong>Arroz de leche con cuchara dorada elegante en forma de flor<\/strong>, Caf\u00e9 Juan Valdez (Sachet<strong>), Pa\u00f1oleta en seda con dise\u00f1o floral<\/strong>, Regalo en <strong>bolsa de tela con dise\u00f1o: Espejo dorado grabado y crema de manos<\/strong>, Lazos decorativos marcados, Etiquetas alusivas a la colecci\u00f3n, Tarjeta.<\/p>","protected":false},"excerpt":{"rendered":"<p>Contiene: Amasijos t\u00edpicos (Almoj\u00e1ban, esponjadita y envuelto fresquito de mazorca con queso), Jugo de naranja, Uvas dulces, Arroz de leche con cuchara dorada elegante en forma de flor, Caf\u00e9 Juan Valdez (Sachet), Pa\u00f1oleta en seda con dise\u00f1o floral, Regalo en bolsa de tela con dise\u00f1o: Espejo dorado grabado y crema de manos, Lazos decorativos marcados, [&hellip;]<\/p>","protected":false},"featured_media":3998,"template":"","meta":[],"product_brand":[],"product_cat":[26,28],"product_tag":[],"class_list":{"0":"post-3992","1":"product","2":"type-product","3":"status-publish","4":"has-post-thumbnail","6":"product_cat-ediciones-especiales","7":"product_cat-mama","9":"first","10":"instock","11":"shipping-taxable","12":"purchasable","13":"product-type-variable"},"yoast_head":"<!-- This site is optimized with the Yoast SEO Premium plugin v22.8 (Yoast SEO v22.8) - https:\/\/yoast.com\/wordpress\/plugins\/seo\/ -->\n<title>La flor de mi jard\u00edn - wowboxgifts.com<\/title>\n<meta name=\"robots\" content=\"index, follow, max-snippet:-1, max-image-preview:large, max-video-preview:-1\" \/>\n<link rel=\"canonical\" href=\"https:\/\/wowboxgifts.com\/en\/product\/la-flor-de-mi-jardin\/\" \/>\n<meta property=\"og:locale\" content=\"en_US\" \/>\n<meta property=\"og:type\" content=\"article\" \/>\n<meta property=\"og:title\" content=\"La flor de mi jard\u00edn\" \/>\n<meta property=\"og:description\" content=\"Contiene: Amasijos t\u00edpicos (Almoj\u00e1ban, esponjadita y envuelto fresquito de mazorca con queso), Jugo de naranja, Uvas dulces, Arroz de leche con cuchara dorada elegante en forma de flor, Caf\u00e9 Juan Valdez (Sachet), Pa\u00f1oleta en seda con dise\u00f1o floral, Regalo en bolsa de tela con dise\u00f1o: Espejo dorado grabado y crema de manos, Lazos decorativos marcados, [&hellip;]\" \/>\n<meta property=\"og:url\" content=\"https:\/\/wowboxgifts.com\/en\/product\/la-flor-de-mi-jardin\/\" \/>\n<meta property=\"og:site_name\" content=\"wowboxgifts.com\" \/>\n<meta property=\"article:modified_time\" content=\"2025-05-06T21:30:07+00:00\" \/>\n<meta property=\"og:image\" content=\"https:\/\/wowboxgifts.com\/wp-content\/uploads\/2025\/05\/La-flor-de-mi-jardin_4.jpg\" \/>\n\t<meta property=\"og:image:width\" content=\"750\" \/>\n\t<meta property=\"og:image:height\" content=\"1044\" \/>\n\t<meta property=\"og:image:type\" content=\"image\/jpeg\" \/>\n<meta name=\"twitter:card\" content=\"summary_large_image\" \/>\n<meta name=\"twitter:label1\" content=\"Est. reading time\" \/>\n\t<meta name=\"twitter:data1\" content=\"1 minute\" \/>\n<script type=\"application\/ld+json\" class=\"yoast-schema-graph\">{\"@context\":\"https:\/\/schema.org\",\"@graph\":[{\"@type\":\"WebPage\",\"@id\":\"https:\/\/wowboxgifts.com\/producto\/la-flor-de-mi-jardin\/\",\"url\":\"https:\/\/wowboxgifts.com\/producto\/la-flor-de-mi-jardin\/\",\"name\":\"La flor de mi jard\u00edn - wowboxgifts.com\",\"isPartOf\":{\"@id\":\"https:\/\/wowboxgifts.com\/en\/#website\"},\"primaryImageOfPage\":{\"@id\":\"https:\/\/wowboxgifts.com\/producto\/la-flor-de-mi-jardin\/#primaryimage\"},\"image\":{\"@id\":\"https:\/\/wowboxgifts.com\/producto\/la-flor-de-mi-jardin\/#primaryimage\"},\"thumbnailUrl\":\"https:\/\/wowboxgifts.com\/wp-content\/uploads\/2025\/05\/La-flor-de-mi-jardin_4.jpg\",\"datePublished\":\"2025-05-06T21:00:47+00:00\",\"dateModified\":\"2025-05-06T21:30:07+00:00\",\"breadcrumb\":{\"@id\":\"https:\/\/wowboxgifts.com\/producto\/la-flor-de-mi-jardin\/#breadcrumb\"},\"inLanguage\":\"en-US\",\"potentialAction\":[{\"@type\":\"ReadAction\",\"target\":[\"https:\/\/wowboxgifts.com\/producto\/la-flor-de-mi-jardin\/\"]}]},{\"@type\":\"ImageObject\",\"inLanguage\":\"en-US\",\"@id\":\"https:\/\/wowboxgifts.com\/producto\/la-flor-de-mi-jardin\/#primaryimage\",\"url\":\"https:\/\/wowboxgifts.com\/wp-content\/uploads\/2025\/05\/La-flor-de-mi-jardin_4.jpg\",\"contentUrl\":\"https:\/\/wowboxgifts.com\/wp-content\/uploads\/2025\/05\/La-flor-de-mi-jardin_4.jpg\",\"width\":750,\"height\":1044},{\"@type\":\"BreadcrumbList\",\"@id\":\"https:\/\/wowboxgifts.com\/producto\/la-flor-de-mi-jardin\/#breadcrumb\",\"itemListElement\":[{\"@type\":\"ListItem\",\"position\":1,\"name\":\"Inicio\",\"item\":\"https:\/\/wowboxgifts.com\/\"},{\"@type\":\"ListItem\",\"position\":2,\"name\":\"Products\",\"item\":\"https:\/\/wowboxgifts.com\/en\/shop\/\"},{\"@type\":\"ListItem\",\"position\":3,\"name\":\"La flor de mi jard\u00edn\"}]},{\"@type\":\"WebSite\",\"@id\":\"https:\/\/wowboxgifts.com\/en\/#website\",\"url\":\"https:\/\/wowboxgifts.com\/en\/\",\"name\":\"wowboxgifts.com\",\"description\":\"\",\"publisher\":{\"@id\":\"https:\/\/wowboxgifts.com\/en\/#organization\"},\"potentialAction\":[{\"@type\":\"SearchAction\",\"target\":{\"@type\":\"EntryPoint\",\"urlTemplate\":\"https:\/\/wowboxgifts.com\/en\/?s={search_term_string}\"},\"query-input\":\"required name=search_term_string\"}],\"inLanguage\":\"en-US\"},{\"@type\":\"Organization\",\"@id\":\"https:\/\/wowboxgifts.com\/en\/#organization\",\"name\":\"wowboxgifts.com\",\"url\":\"https:\/\/wowboxgifts.com\/en\/\",\"logo\":{\"@type\":\"ImageObject\",\"inLanguage\":\"en-US\",\"@id\":\"https:\/\/wowboxgifts.com\/en\/#\/schema\/logo\/image\/\",\"url\":\"https:\/\/wowboxgifts.com\/wp-content\/uploads\/2025\/01\/wowbox-logo.png\",\"contentUrl\":\"https:\/\/wowboxgifts.com\/wp-content\/uploads\/2025\/01\/wowbox-logo.png\",\"width\":850,\"height\":757,\"caption\":\"wowboxgifts.com\"},\"image\":{\"@id\":\"https:\/\/wowboxgifts.com\/en\/#\/schema\/logo\/image\/\"}}]}<\/script>\n<!-- \/ Yoast SEO Premium plugin. -->","yoast_head_json":{"title":"La flor de mi jard\u00edn - wowboxgifts.com","robots":{"index":"index","follow":"follow","max-snippet":"max-snippet:-1","max-image-preview":"max-image-preview:large","max-video-preview":"max-video-preview:-1"},"canonical":"https:\/\/wowboxgifts.com\/en\/product\/la-flor-de-mi-jardin\/","og_locale":"en_US","og_type":"article","og_title":"La flor de mi jard\u00edn","og_description":"Contiene: Amasijos t\u00edpicos (Almoj\u00e1ban, esponjadita y envuelto fresquito de mazorca con queso), Jugo de naranja, Uvas dulces, Arroz de leche con cuchara dorada elegante en forma de flor, Caf\u00e9 Juan Valdez (Sachet), Pa\u00f1oleta en seda con dise\u00f1o floral, Regalo en bolsa de tela con dise\u00f1o: Espejo dorado grabado y crema de manos, Lazos decorativos marcados, [&hellip;]","og_url":"https:\/\/wowboxgifts.com\/en\/product\/la-flor-de-mi-jardin\/","og_site_name":"wowboxgifts.com","article_modified_time":"2025-05-06T21:30:07+00:00","og_image":[{"width":750,"height":1044,"url":"https:\/\/wowboxgifts.com\/wp-content\/uploads\/2025\/05\/La-flor-de-mi-jardin_4.jpg","type":"image\/jpeg"}],"twitter_card":"summary_large_image","twitter_misc":{"Est. reading time":"1 minute"},"schema":{"@context":"https:\/\/schema.org","@graph":[{"@type":"WebPage","@id":"https:\/\/wowboxgifts.com\/producto\/la-flor-de-mi-jardin\/","url":"https:\/\/wowboxgifts.com\/producto\/la-flor-de-mi-jardin\/","name":"La flor de mi jard\u00edn - wowboxgifts.com","isPartOf":{"@id":"https:\/\/wowboxgifts.com\/en\/#website"},"primaryImageOfPage":{"@id":"https:\/\/wowboxgifts.com\/producto\/la-flor-de-mi-jardin\/#primaryimage"},"image":{"@id":"https:\/\/wowboxgifts.com\/producto\/la-flor-de-mi-jardin\/#primaryimage"},"thumbnailUrl":"https:\/\/wowboxgifts.com\/wp-content\/uploads\/2025\/05\/La-flor-de-mi-jardin_4.jpg","datePublished":"2025-05-06T21:00:47+00:00","dateModified":"2025-05-06T21:30:07+00:00","breadcrumb":{"@id":"https:\/\/wowboxgifts.com\/producto\/la-flor-de-mi-jardin\/#breadcrumb"},"inLanguage":"en-US","potentialAction":[{"@type":"ReadAction","target":["https:\/\/wowboxgifts.com\/producto\/la-flor-de-mi-jardin\/"]}]},{"@type":"ImageObject","inLanguage":"en-US","@id":"https:\/\/wowboxgifts.com\/producto\/la-flor-de-mi-jardin\/#primaryimage","url":"https:\/\/wowboxgifts.com\/wp-content\/uploads\/2025\/05\/La-flor-de-mi-jardin_4.jpg","contentUrl":"https:\/\/wowboxgifts.com\/wp-content\/uploads\/2025\/05\/La-flor-de-mi-jardin_4.jpg","width":750,"height":1044},{"@type":"BreadcrumbList","@id":"https:\/\/wowboxgifts.com\/producto\/la-flor-de-mi-jardin\/#breadcrumb","itemListElement":[{"@type":"ListItem","position":1,"name":"Inicio","item":"https:\/\/wowboxgifts.com\/"},{"@type":"ListItem","position":2,"name":"Products","item":"https:\/\/wowboxgifts.com\/en\/shop\/"},{"@type":"ListItem","position":3,"name":"La flor de mi jard\u00edn"}]},{"@type":"WebSite","@id":"https:\/\/wowboxgifts.com\/en\/#website","url":"https:\/\/wowboxgifts.com\/en\/","name":"wowboxgifts.com","description":"","publisher":{"@id":"https:\/\/wowboxgifts.com\/en\/#organization"},"potentialAction":[{"@type":"SearchAction","target":{"@type":"EntryPoint","urlTemplate":"https:\/\/wowboxgifts.com\/en\/?s={search_term_string}"},"query-input":"required name=search_term_string"}],"inLanguage":"en-US"},{"@type":"Organization","@id":"https:\/\/wowboxgifts.com\/en\/#organization","name":"wowboxgifts.com","url":"https:\/\/wowboxgifts.com\/en\/","logo":{"@type":"ImageObject","inLanguage":"en-US","@id":"https:\/\/wowboxgifts.com\/en\/#\/schema\/logo\/image\/","url":"https:\/\/wowboxgifts.com\/wp-content\/uploads\/2025\/01\/wowbox-logo.png","contentUrl":"https:\/\/wowboxgifts.com\/wp-content\/uploads\/2025\/01\/wowbox-logo.png","width":850,"height":757,"caption":"wowboxgifts.com"},"image":{"@id":"https:\/\/wowboxgifts.com\/en\/#\/schema\/logo\/image\/"}}]}},"jetpack_sharing_enabled":true,"_links":{"self":[{"href":"https:\/\/wowboxgifts.com\/en\/wp-json\/wp\/v2\/product\/3992","targetHints":{"allow":["GET"]}}],"collection":[{"href":"https:\/\/wowboxgifts.com\/en\/wp-json\/wp\/v2\/product"}],"about":[{"href":"https:\/\/wowboxgifts.com\/en\/wp-json\/wp\/v2\/types\/product"}],"wp:featuredmedia":[{"embeddable":true,"href":"https:\/\/wowboxgifts.com\/en\/wp-json\/wp\/v2\/media\/3998"}],"wp:attachment":[{"href":"https:\/\/wowboxgifts.com\/en\/wp-json\/wp\/v2\/media?parent=3992"}],"wp:term":[{"taxonomy":"product_brand","embeddable":true,"href":"https:\/\/wowboxgifts.com\/en\/wp-json\/wp\/v2\/product_brand?post=3992"},{"taxonomy":"product_cat","embeddable":true,"href":"https:\/\/wowboxgifts.com\/en\/wp-json\/wp\/v2\/product_cat?post=3992"},{"taxonomy":"product_tag","embeddable":true,"href":"https:\/\/wowboxgifts.com\/en\/wp-json\/wp\/v2\/product_tag?post=3992"}],"curies":[{"name":"wp","href":"https:\/\/api.w.org\/{rel}","templated":true}]}}