{"id":3549,"date":"2025-03-03T19:09:42","date_gmt":"2025-03-04T00:09:42","guid":{"rendered":"https:\/\/wowboxgifts.com\/?post_type=product&#038;p=3549"},"modified":"2025-03-03T19:16:41","modified_gmt":"2025-03-04T00:16:41","slug":"ella-es-luz","status":"publish","type":"product","link":"https:\/\/wowboxgifts.com\/en\/product\/ella-es-luz\/","title":{"rendered":"Ella es Luz"},"content":{"rendered":"<p>Un detalle dise\u00f1ado para sorprender, y deleitar con una combinaci\u00f3n equilibrada de frescura, sabor y significado.<\/p>\n<p>Contains<\/p>\n<p><strong>Jugo de Naranja<\/strong> natural, <strong>S\u00e1ndwich de waffle de Pan de Yuca<\/strong>, una fusi\u00f3n gourmet de <strong>lechuga Romana, jam\u00f3n de Pavo de finas hierbas y queso mozzarella<\/strong>, Mix de <strong>Frutos rojos y brownie<\/strong>, <strong>ar\u00e1ndanos y fresas<\/strong>, frescas acompa\u00f1adas de trozos de <strong>brownie<\/strong>, <strong>Frasco de vidrio con masmelos<\/strong> en forma de coraz\u00f3n, acompa\u00f1ado de una <strong>etiqueta alusiva al Dia de la Mujer<\/strong>. <strong>Vaso para caf\u00e9 reutilizable con sticker personalizado<\/strong>, el compa\u00f1ero perfecto para disfrutar de su bebida favorita, <strong>Esfero palo rosa grabado<\/strong>, <strong>Ritual de agradecimiento<\/strong>, un espacio para reflexionar y conectar con su esencia, honrando su historia y su luz, <strong>Empaque personalizado, caja de cart\u00f3n fucsia personalizada.<\/strong><\/p>","protected":false},"excerpt":{"rendered":"<p>Un detalle dise\u00f1ado para sorprender, y deleitar con una combinaci\u00f3n equilibrada de frescura, sabor y significado. Contiene: Jugo de Naranja natural, S\u00e1ndwich de waffle de Pan de Yuca, una fusi\u00f3n gourmet de lechuga Romana, jam\u00f3n de Pavo de finas hierbas y queso mozzarella, Mix de Frutos rojos y brownie, ar\u00e1ndanos y fresas, frescas acompa\u00f1adas de [&hellip;]<\/p>","protected":false},"featured_media":3550,"template":"","meta":[],"product_brand":[],"product_cat":[26,33],"product_tag":[],"class_list":{"0":"post-3549","1":"product","2":"type-product","3":"status-publish","4":"has-post-thumbnail","6":"product_cat-ediciones-especiales","7":"product_cat-mujer","9":"first","10":"instock","11":"shipping-taxable","12":"purchasable","13":"product-type-simple"},"yoast_head":"<!-- This site is optimized with the Yoast SEO Premium plugin v22.8 (Yoast SEO v22.8) - https:\/\/yoast.com\/wordpress\/plugins\/seo\/ -->\n<title>Ella es Luz - wowboxgifts.com<\/title>\n<meta name=\"robots\" content=\"index, follow, max-snippet:-1, max-image-preview:large, max-video-preview:-1\" \/>\n<link rel=\"canonical\" href=\"https:\/\/wowboxgifts.com\/en\/product\/ella-es-luz\/\" \/>\n<meta property=\"og:locale\" content=\"en_US\" \/>\n<meta property=\"og:type\" content=\"article\" \/>\n<meta property=\"og:title\" content=\"Ella es Luz\" \/>\n<meta property=\"og:description\" content=\"Un detalle dise\u00f1ado para sorprender, y deleitar con una combinaci\u00f3n equilibrada de frescura, sabor y significado. Contiene: Jugo de Naranja natural, S\u00e1ndwich de waffle de Pan de Yuca, una fusi\u00f3n gourmet de lechuga Romana, jam\u00f3n de Pavo de finas hierbas y queso mozzarella, Mix de Frutos rojos y brownie, ar\u00e1ndanos y fresas, frescas acompa\u00f1adas de [&hellip;]\" \/>\n<meta property=\"og:url\" content=\"https:\/\/wowboxgifts.com\/en\/product\/ella-es-luz\/\" \/>\n<meta property=\"og:site_name\" content=\"wowboxgifts.com\" \/>\n<meta property=\"article:modified_time\" content=\"2025-03-04T00:16:41+00:00\" \/>\n<meta property=\"og:image\" content=\"https:\/\/wowboxgifts.com\/wp-content\/uploads\/2025\/03\/ella-es-luz.jpg\" \/>\n\t<meta property=\"og:image:width\" content=\"750\" \/>\n\t<meta property=\"og:image:height\" content=\"1000\" \/>\n\t<meta property=\"og:image:type\" content=\"image\/jpeg\" \/>\n<meta name=\"twitter:card\" content=\"summary_large_image\" \/>\n<meta name=\"twitter:label1\" content=\"Est. reading time\" \/>\n\t<meta name=\"twitter:data1\" content=\"1 minute\" \/>\n<script type=\"application\/ld+json\" class=\"yoast-schema-graph\">{\"@context\":\"https:\/\/schema.org\",\"@graph\":[{\"@type\":\"WebPage\",\"@id\":\"https:\/\/wowboxgifts.com\/en\/product\/ella-es-luz\/\",\"url\":\"https:\/\/wowboxgifts.com\/en\/product\/ella-es-luz\/\",\"name\":\"Ella es Luz - wowboxgifts.com\",\"isPartOf\":{\"@id\":\"https:\/\/wowboxgifts.com\/en\/#website\"},\"primaryImageOfPage\":{\"@id\":\"https:\/\/wowboxgifts.com\/en\/product\/ella-es-luz\/#primaryimage\"},\"image\":{\"@id\":\"https:\/\/wowboxgifts.com\/en\/product\/ella-es-luz\/#primaryimage\"},\"thumbnailUrl\":\"https:\/\/wowboxgifts.com\/wp-content\/uploads\/2025\/03\/ella-es-luz.jpg\",\"datePublished\":\"2025-03-04T00:09:42+00:00\",\"dateModified\":\"2025-03-04T00:16:41+00:00\",\"breadcrumb\":{\"@id\":\"https:\/\/wowboxgifts.com\/en\/product\/ella-es-luz\/#breadcrumb\"},\"inLanguage\":\"en-US\",\"potentialAction\":[{\"@type\":\"ReadAction\",\"target\":[\"https:\/\/wowboxgifts.com\/en\/product\/ella-es-luz\/\"]}]},{\"@type\":\"ImageObject\",\"inLanguage\":\"en-US\",\"@id\":\"https:\/\/wowboxgifts.com\/en\/product\/ella-es-luz\/#primaryimage\",\"url\":\"https:\/\/wowboxgifts.com\/wp-content\/uploads\/2025\/03\/ella-es-luz.jpg\",\"contentUrl\":\"https:\/\/wowboxgifts.com\/wp-content\/uploads\/2025\/03\/ella-es-luz.jpg\",\"width\":750,\"height\":1000},{\"@type\":\"BreadcrumbList\",\"@id\":\"https:\/\/wowboxgifts.com\/en\/product\/ella-es-luz\/#breadcrumb\",\"itemListElement\":[{\"@type\":\"ListItem\",\"position\":1,\"name\":\"Inicio\",\"item\":\"https:\/\/wowboxgifts.com\/\"},{\"@type\":\"ListItem\",\"position\":2,\"name\":\"Products\",\"item\":\"https:\/\/wowboxgifts.com\/en\/shop\/\"},{\"@type\":\"ListItem\",\"position\":3,\"name\":\"Ella es Luz\"}]},{\"@type\":\"WebSite\",\"@id\":\"https:\/\/wowboxgifts.com\/en\/#website\",\"url\":\"https:\/\/wowboxgifts.com\/en\/\",\"name\":\"wowboxgifts.com\",\"description\":\"\",\"publisher\":{\"@id\":\"https:\/\/wowboxgifts.com\/en\/#organization\"},\"potentialAction\":[{\"@type\":\"SearchAction\",\"target\":{\"@type\":\"EntryPoint\",\"urlTemplate\":\"https:\/\/wowboxgifts.com\/en\/?s={search_term_string}\"},\"query-input\":\"required name=search_term_string\"}],\"inLanguage\":\"en-US\"},{\"@type\":\"Organization\",\"@id\":\"https:\/\/wowboxgifts.com\/en\/#organization\",\"name\":\"wowboxgifts.com\",\"url\":\"https:\/\/wowboxgifts.com\/en\/\",\"logo\":{\"@type\":\"ImageObject\",\"inLanguage\":\"en-US\",\"@id\":\"https:\/\/wowboxgifts.com\/en\/#\/schema\/logo\/image\/\",\"url\":\"https:\/\/wowboxgifts.com\/wp-content\/uploads\/2025\/01\/wowbox-logo.png\",\"contentUrl\":\"https:\/\/wowboxgifts.com\/wp-content\/uploads\/2025\/01\/wowbox-logo.png\",\"width\":850,\"height\":757,\"caption\":\"wowboxgifts.com\"},\"image\":{\"@id\":\"https:\/\/wowboxgifts.com\/en\/#\/schema\/logo\/image\/\"}}]}<\/script>\n<!-- \/ Yoast SEO Premium plugin. -->","yoast_head_json":{"title":"Ella es Luz - wowboxgifts.com","robots":{"index":"index","follow":"follow","max-snippet":"max-snippet:-1","max-image-preview":"max-image-preview:large","max-video-preview":"max-video-preview:-1"},"canonical":"https:\/\/wowboxgifts.com\/en\/product\/ella-es-luz\/","og_locale":"en_US","og_type":"article","og_title":"Ella es Luz","og_description":"Un detalle dise\u00f1ado para sorprender, y deleitar con una combinaci\u00f3n equilibrada de frescura, sabor y significado. Contiene: Jugo de Naranja natural, S\u00e1ndwich de waffle de Pan de Yuca, una fusi\u00f3n gourmet de lechuga Romana, jam\u00f3n de Pavo de finas hierbas y queso mozzarella, Mix de Frutos rojos y brownie, ar\u00e1ndanos y fresas, frescas acompa\u00f1adas de [&hellip;]","og_url":"https:\/\/wowboxgifts.com\/en\/product\/ella-es-luz\/","og_site_name":"wowboxgifts.com","article_modified_time":"2025-03-04T00:16:41+00:00","og_image":[{"width":750,"height":1000,"url":"https:\/\/wowboxgifts.com\/wp-content\/uploads\/2025\/03\/ella-es-luz.jpg","type":"image\/jpeg"}],"twitter_card":"summary_large_image","twitter_misc":{"Est. reading time":"1 minute"},"schema":{"@context":"https:\/\/schema.org","@graph":[{"@type":"WebPage","@id":"https:\/\/wowboxgifts.com\/en\/product\/ella-es-luz\/","url":"https:\/\/wowboxgifts.com\/en\/product\/ella-es-luz\/","name":"Ella es Luz - wowboxgifts.com","isPartOf":{"@id":"https:\/\/wowboxgifts.com\/en\/#website"},"primaryImageOfPage":{"@id":"https:\/\/wowboxgifts.com\/en\/product\/ella-es-luz\/#primaryimage"},"image":{"@id":"https:\/\/wowboxgifts.com\/en\/product\/ella-es-luz\/#primaryimage"},"thumbnailUrl":"https:\/\/wowboxgifts.com\/wp-content\/uploads\/2025\/03\/ella-es-luz.jpg","datePublished":"2025-03-04T00:09:42+00:00","dateModified":"2025-03-04T00:16:41+00:00","breadcrumb":{"@id":"https:\/\/wowboxgifts.com\/en\/product\/ella-es-luz\/#breadcrumb"},"inLanguage":"en-US","potentialAction":[{"@type":"ReadAction","target":["https:\/\/wowboxgifts.com\/en\/product\/ella-es-luz\/"]}]},{"@type":"ImageObject","inLanguage":"en-US","@id":"https:\/\/wowboxgifts.com\/en\/product\/ella-es-luz\/#primaryimage","url":"https:\/\/wowboxgifts.com\/wp-content\/uploads\/2025\/03\/ella-es-luz.jpg","contentUrl":"https:\/\/wowboxgifts.com\/wp-content\/uploads\/2025\/03\/ella-es-luz.jpg","width":750,"height":1000},{"@type":"BreadcrumbList","@id":"https:\/\/wowboxgifts.com\/en\/product\/ella-es-luz\/#breadcrumb","itemListElement":[{"@type":"ListItem","position":1,"name":"Inicio","item":"https:\/\/wowboxgifts.com\/"},{"@type":"ListItem","position":2,"name":"Products","item":"https:\/\/wowboxgifts.com\/en\/shop\/"},{"@type":"ListItem","position":3,"name":"Ella es Luz"}]},{"@type":"WebSite","@id":"https:\/\/wowboxgifts.com\/en\/#website","url":"https:\/\/wowboxgifts.com\/en\/","name":"wowboxgifts.com","description":"","publisher":{"@id":"https:\/\/wowboxgifts.com\/en\/#organization"},"potentialAction":[{"@type":"SearchAction","target":{"@type":"EntryPoint","urlTemplate":"https:\/\/wowboxgifts.com\/en\/?s={search_term_string}"},"query-input":"required name=search_term_string"}],"inLanguage":"en-US"},{"@type":"Organization","@id":"https:\/\/wowboxgifts.com\/en\/#organization","name":"wowboxgifts.com","url":"https:\/\/wowboxgifts.com\/en\/","logo":{"@type":"ImageObject","inLanguage":"en-US","@id":"https:\/\/wowboxgifts.com\/en\/#\/schema\/logo\/image\/","url":"https:\/\/wowboxgifts.com\/wp-content\/uploads\/2025\/01\/wowbox-logo.png","contentUrl":"https:\/\/wowboxgifts.com\/wp-content\/uploads\/2025\/01\/wowbox-logo.png","width":850,"height":757,"caption":"wowboxgifts.com"},"image":{"@id":"https:\/\/wowboxgifts.com\/en\/#\/schema\/logo\/image\/"}}]}},"jetpack_sharing_enabled":true,"_links":{"self":[{"href":"https:\/\/wowboxgifts.com\/en\/wp-json\/wp\/v2\/product\/3549","targetHints":{"allow":["GET"]}}],"collection":[{"href":"https:\/\/wowboxgifts.com\/en\/wp-json\/wp\/v2\/product"}],"about":[{"href":"https:\/\/wowboxgifts.com\/en\/wp-json\/wp\/v2\/types\/product"}],"wp:featuredmedia":[{"embeddable":true,"href":"https:\/\/wowboxgifts.com\/en\/wp-json\/wp\/v2\/media\/3550"}],"wp:attachment":[{"href":"https:\/\/wowboxgifts.com\/en\/wp-json\/wp\/v2\/media?parent=3549"}],"wp:term":[{"taxonomy":"product_brand","embeddable":true,"href":"https:\/\/wowboxgifts.com\/en\/wp-json\/wp\/v2\/product_brand?post=3549"},{"taxonomy":"product_cat","embeddable":true,"href":"https:\/\/wowboxgifts.com\/en\/wp-json\/wp\/v2\/product_cat?post=3549"},{"taxonomy":"product_tag","embeddable":true,"href":"https:\/\/wowboxgifts.com\/en\/wp-json\/wp\/v2\/product_tag?post=3549"}],"curies":[{"name":"wp","href":"https:\/\/api.w.org\/{rel}","templated":true}]}}