{"id":45,"date":"2023-04-24T09:37:58","date_gmt":"2023-04-24T14:37:58","guid":{"rendered":"https:\/\/wowboxgifts.com\/?page_id=45"},"modified":"2025-03-20T17:57:30","modified_gmt":"2025-03-20T22:57:30","slug":"nosotros","status":"publish","type":"page","link":"https:\/\/wowboxgifts.com\/en\/nosotros\/","title":{"rendered":"Our"},"content":{"rendered":"<div data-elementor-type=\"wp-page\" data-elementor-id=\"45\" class=\"elementor elementor-45\" data-elementor-post-type=\"page\">\n\t\t\t\t\t\t<section class=\"ob-is-breaking-bad elementor-section elementor-top-section elementor-element elementor-element-b4164be elementor-section-boxed elementor-section-height-default elementor-section-height-default\" data-id=\"b4164be\" data-element_type=\"section\" data-settings=\"{&quot;background_background&quot;:&quot;classic&quot;,&quot;shape_divider_bottom&quot;:&quot;multi-cloud&quot;,&quot;_ob_bbad_use_it&quot;:&quot;yes&quot;,&quot;_ob_bbad_sssic_use&quot;:&quot;no&quot;,&quot;_ob_glider_is_slider&quot;:&quot;no&quot;}\">\n\t\t\t\t\t\t<div class=\"elementor-container elementor-column-gap-default\">\n\t\t\t\t\t<div class=\"elementor-column elementor-col-100 elementor-top-column elementor-element elementor-element-a2831cd\" data-id=\"a2831cd\" data-element_type=\"column\" data-settings=\"{&quot;_ob_bbad_is_stalker&quot;:&quot;no&quot;,&quot;_ob_teleporter_use&quot;:false,&quot;_ob_column_hoveranimator&quot;:&quot;no&quot;,&quot;_ob_column_has_pseudo&quot;:&quot;no&quot;}\">\n\t\t\t<div class=\"elementor-widget-wrap elementor-element-populated\">\n\t\t\t\t\t\t<div class=\"elementor-element elementor-element-67892cf ob-has-background-overlay elementor-widget elementor-widget-spacer\" data-id=\"67892cf\" data-element_type=\"widget\" data-settings=\"{&quot;_ob_spacerat_use&quot;:&quot;no&quot;,&quot;_ob_perspektive_use&quot;:&quot;no&quot;,&quot;_ob_poopart_use&quot;:&quot;yes&quot;,&quot;_ob_shadough_use&quot;:&quot;no&quot;,&quot;_ob_allow_hoveranimator&quot;:&quot;no&quot;,&quot;_ob_widget_stalker_use&quot;:&quot;no&quot;}\" data-widget_type=\"spacer.default\">\n\t\t\t\t<div class=\"elementor-widget-container\">\n\t\t\t<style>\/*! elementor - v3.20.0 - 26-03-2024 *\/\n.elementor-column .elementor-spacer-inner{height:var(--spacer-size)}.e-con{--container-widget-width:100%}.e-con-inner>.elementor-widget-spacer,.e-con>.elementor-widget-spacer{width:var(--container-widget-width,var(--spacer-size));--align-self:var(--container-widget-align-self,initial);--flex-shrink:0}.e-con-inner>.elementor-widget-spacer>.elementor-widget-container,.e-con>.elementor-widget-spacer>.elementor-widget-container{height:100%;width:100%}.e-con-inner>.elementor-widget-spacer>.elementor-widget-container>.elementor-spacer,.e-con>.elementor-widget-spacer>.elementor-widget-container>.elementor-spacer{height:100%}.e-con-inner>.elementor-widget-spacer>.elementor-widget-container>.elementor-spacer>.elementor-spacer-inner,.e-con>.elementor-widget-spacer>.elementor-widget-container>.elementor-spacer>.elementor-spacer-inner{height:var(--container-widget-height,var(--spacer-size))}.e-con-inner>.elementor-widget-spacer.elementor-widget-empty,.e-con>.elementor-widget-spacer.elementor-widget-empty{position:relative;min-height:22px;min-width:22px}.e-con-inner>.elementor-widget-spacer.elementor-widget-empty .elementor-widget-empty-icon,.e-con>.elementor-widget-spacer.elementor-widget-empty .elementor-widget-empty-icon{position:absolute;top:0;bottom:0;left:0;right:0;margin:auto;padding:0;width:22px;height:22px}<\/style>\t\t<div class=\"elementor-spacer\">\n\t\t\t<div class=\"elementor-spacer-inner\"><\/div>\n\t\t<\/div>\n\t\t\t\t<\/div>\n\t\t\t\t<\/div>\n\t\t\t\t<div class=\"elementor-element elementor-element-eb9490a ob-harakiri-inherit ob-has-background-overlay elementor-widget elementor-widget-heading\" data-id=\"eb9490a\" data-element_type=\"widget\" data-settings=\"{&quot;_ob_use_harakiri&quot;:&quot;yes&quot;,&quot;_ob_harakiri_writing_mode&quot;:&quot;inherit&quot;,&quot;_ob_harakiri_text_clip&quot;:&quot;none&quot;,&quot;_ob_perspektive_use&quot;:&quot;no&quot;,&quot;_ob_poopart_use&quot;:&quot;yes&quot;,&quot;_ob_shadough_use&quot;:&quot;no&quot;,&quot;_ob_allow_hoveranimator&quot;:&quot;no&quot;,&quot;_ob_widget_stalker_use&quot;:&quot;no&quot;}\" data-widget_type=\"heading.default\">\n\t\t\t\t<div class=\"elementor-widget-container\">\n\t\t\t<style>\/*! elementor - v3.20.0 - 26-03-2024 *\/\n.elementor-heading-title{padding:0;margin:0;line-height:1}.elementor-widget-heading .elementor-heading-title[class*=elementor-size-]>a{color:inherit;font-size:inherit;line-height:inherit}.elementor-widget-heading .elementor-heading-title.elementor-size-small{font-size:15px}.elementor-widget-heading .elementor-heading-title.elementor-size-medium{font-size:19px}.elementor-widget-heading .elementor-heading-title.elementor-size-large{font-size:29px}.elementor-widget-heading .elementor-heading-title.elementor-size-xl{font-size:39px}.elementor-widget-heading .elementor-heading-title.elementor-size-xxl{font-size:59px}<\/style><h2 class=\"elementor-heading-title elementor-size-default\">OUR HISTORY<\/h2>\t\t<\/div>\n\t\t\t\t<\/div>\n\t\t\t\t<div class=\"elementor-element elementor-element-cf17665 ob-harakiri-inherit ob-has-background-overlay elementor-widget elementor-widget-text-editor\" data-id=\"cf17665\" data-element_type=\"widget\" data-settings=\"{&quot;_ob_use_harakiri&quot;:&quot;yes&quot;,&quot;_ob_harakiri_writing_mode&quot;:&quot;inherit&quot;,&quot;_ob_postman_use&quot;:&quot;no&quot;,&quot;_ob_perspektive_use&quot;:&quot;no&quot;,&quot;_ob_poopart_use&quot;:&quot;yes&quot;,&quot;_ob_shadough_use&quot;:&quot;no&quot;,&quot;_ob_allow_hoveranimator&quot;:&quot;no&quot;,&quot;_ob_widget_stalker_use&quot;:&quot;no&quot;}\" data-widget_type=\"text-editor.default\">\n\t\t\t\t<div class=\"elementor-widget-container\">\n\t\t\t<style>\/*! elementor - v3.20.0 - 26-03-2024 *\/\n.elementor-widget-text-editor.elementor-drop-cap-view-stacked .elementor-drop-cap{background-color:#69727d;color:#fff}.elementor-widget-text-editor.elementor-drop-cap-view-framed .elementor-drop-cap{color:#69727d;border:3px solid;background-color:transparent}.elementor-widget-text-editor:not(.elementor-drop-cap-view-default) .elementor-drop-cap{margin-top:8px}.elementor-widget-text-editor:not(.elementor-drop-cap-view-default) .elementor-drop-cap-letter{width:1em;height:1em}.elementor-widget-text-editor .elementor-drop-cap{float:left;text-align:center;line-height:1;font-size:50px}.elementor-widget-text-editor .elementor-drop-cap-letter{display:inline-block}<\/style>\t\t\t\t<p>Hola, somos Cami y Geral, dos hermanas unidas por un sue\u00f1o y una pasi\u00f3n. En 2020, decidimos dejar atr\u00e1s el miedo y apostar por lo que realmente nos hac\u00eda felices: crear algo especial que transformara emociones en momentos inolvidables. As\u00ed naci\u00f3 WowBox Gifts.<\/p><p>Siempre hemos cre\u00eddo que un regalo es m\u00e1s que un simple objeto; es una forma de conectar, de alegrar y de demostrar cu\u00e1nto nos importa alguien. Por eso, cada caja que dise\u00f1amos lleva un pedacito de nosotras: amor, dedicaci\u00f3n y esmero.<\/p><p>Lo que comenz\u00f3 como una idea en casa, hoy llega a miles de personas al a\u00f1o. Nos emociona saber que somos c\u00f3mplices en la sorpresa, la alegr\u00eda y la emoci\u00f3n de cada regalo.<\/p>\t\t\t\t\t\t<\/div>\n\t\t\t\t<\/div>\n\t\t\t\t<div class=\"elementor-element elementor-element-c385d6d ob-has-background-overlay elementor-widget elementor-widget-image\" data-id=\"c385d6d\" data-element_type=\"widget\" data-settings=\"{&quot;_ob_photomorph_use&quot;:&quot;no&quot;,&quot;_ob_perspektive_use&quot;:&quot;no&quot;,&quot;_ob_poopart_use&quot;:&quot;yes&quot;,&quot;_ob_shadough_use&quot;:&quot;no&quot;,&quot;_ob_allow_hoveranimator&quot;:&quot;no&quot;,&quot;_ob_widget_stalker_use&quot;:&quot;no&quot;}\" data-widget_type=\"image.default\">\n\t\t\t\t<div class=\"elementor-widget-container\">\n\t\t\t<style>\/*! elementor - v3.20.0 - 26-03-2024 *\/\n.elementor-widget-image{text-align:center}.elementor-widget-image a{display:inline-block}.elementor-widget-image a img[src$=\".svg\"]{width:48px}.elementor-widget-image img{vertical-align:middle;display:inline-block}<\/style>\t\t\t\t\t\t\t\t\t\t<img fetchpriority=\"high\" decoding=\"async\" width=\"520\" height=\"735\" src=\"https:\/\/wowboxgifts.com\/wp-content\/uploads\/2024\/03\/aboutus-2024_2.png\" class=\"attachment-large size-large wp-image-2474\" alt=\"\" srcset=\"https:\/\/wowboxgifts.com\/wp-content\/uploads\/2024\/03\/aboutus-2024_2.png 520w, https:\/\/wowboxgifts.com\/wp-content\/uploads\/2024\/03\/aboutus-2024_2-212x300.png 212w, https:\/\/wowboxgifts.com\/wp-content\/uploads\/2024\/03\/aboutus-2024_2-8x12.png 8w\" sizes=\"(max-width: 520px) 100vw, 520px\" \/>\t\t\t\t\t\t\t\t\t\t\t\t\t<\/div>\n\t\t\t\t<\/div>\n\t\t\t\t<div class=\"elementor-element elementor-element-85dfaee ob-harakiri-inherit ob-has-background-overlay elementor-widget elementor-widget-text-editor\" data-id=\"85dfaee\" data-element_type=\"widget\" data-settings=\"{&quot;_ob_use_harakiri&quot;:&quot;yes&quot;,&quot;_ob_harakiri_writing_mode&quot;:&quot;inherit&quot;,&quot;_ob_postman_use&quot;:&quot;no&quot;,&quot;_ob_perspektive_use&quot;:&quot;no&quot;,&quot;_ob_poopart_use&quot;:&quot;yes&quot;,&quot;_ob_shadough_use&quot;:&quot;no&quot;,&quot;_ob_allow_hoveranimator&quot;:&quot;no&quot;,&quot;_ob_widget_stalker_use&quot;:&quot;no&quot;}\" data-widget_type=\"text-editor.default\">\n\t\t\t\t<div class=\"elementor-widget-container\">\n\t\t\t\t\t\t\t<p>Gracias por ser parte de esta aventura. Sigamos juntos deslumbrando, alegrando y conquistando corazones.<\/p>\t\t\t\t\t\t<\/div>\n\t\t\t\t<\/div>\n\t\t\t\t<div class=\"elementor-element elementor-element-5311c49 ob-has-background-overlay elementor-widget elementor-widget-spacer\" data-id=\"5311c49\" data-element_type=\"widget\" data-settings=\"{&quot;_ob_spacerat_use&quot;:&quot;no&quot;,&quot;_ob_perspektive_use&quot;:&quot;no&quot;,&quot;_ob_poopart_use&quot;:&quot;yes&quot;,&quot;_ob_shadough_use&quot;:&quot;no&quot;,&quot;_ob_allow_hoveranimator&quot;:&quot;no&quot;,&quot;_ob_widget_stalker_use&quot;:&quot;no&quot;}\" data-widget_type=\"spacer.default\">\n\t\t\t\t<div class=\"elementor-widget-container\">\n\t\t\t\t\t<div class=\"elementor-spacer\">\n\t\t\t<div class=\"elementor-spacer-inner\"><\/div>\n\t\t<\/div>\n\t\t\t\t<\/div>\n\t\t\t\t<\/div>\n\t\t\t\t\t<\/div>\n\t\t<\/div>\n\t\t\t\t\t<\/div>\n\t\t<\/section>\n\t\t\t\t<\/div>","protected":false},"excerpt":{"rendered":"<p>NUESTRA HISTORIA Hola, somos Cami y Geral, dos hermanas unidas por un sue\u00f1o y una pasi\u00f3n. En 2020, decidimos dejar atr\u00e1s el miedo y apostar por lo que realmente nos hac\u00eda felices: crear algo especial que transformara emociones en momentos inolvidables. As\u00ed naci\u00f3 WowBox Gifts. Siempre hemos cre\u00eddo que un regalo es m\u00e1s que un [&hellip;]<\/p>","protected":false},"author":1,"featured_media":0,"parent":0,"menu_order":0,"comment_status":"closed","ping_status":"closed","template":"","meta":{"footnotes":""},"class_list":["post-45","page","type-page","status-publish","hentry"],"yoast_head":"<!-- This site is optimized with the Yoast SEO Premium plugin v22.8 (Yoast SEO v22.8) - https:\/\/yoast.com\/wordpress\/plugins\/seo\/ -->\n<title>Nosotros - wowboxgifts.com<\/title>\n<meta name=\"robots\" content=\"index, follow, max-snippet:-1, max-image-preview:large, max-video-preview:-1\" \/>\n<link rel=\"canonical\" href=\"https:\/\/wowboxgifts.com\/en\/nosotros\/\" \/>\n<meta property=\"og:locale\" content=\"en_US\" \/>\n<meta property=\"og:type\" content=\"article\" \/>\n<meta property=\"og:title\" content=\"Nosotros\" \/>\n<meta property=\"og:description\" content=\"NUESTRA HISTORIA Hola, somos Cami y Geral, dos hermanas unidas por un sue\u00f1o y una pasi\u00f3n. En 2020, decidimos dejar atr\u00e1s el miedo y apostar por lo que realmente nos hac\u00eda felices: crear algo especial que transformara emociones en momentos inolvidables. As\u00ed naci\u00f3 WowBox Gifts. Siempre hemos cre\u00eddo que un regalo es m\u00e1s que un [&hellip;]\" \/>\n<meta property=\"og:url\" content=\"https:\/\/wowboxgifts.com\/en\/nosotros\/\" \/>\n<meta property=\"og:site_name\" content=\"wowboxgifts.com\" \/>\n<meta property=\"article:modified_time\" content=\"2025-03-20T22:57:30+00:00\" \/>\n<meta property=\"og:image\" content=\"http:\/\/wowboxgifts.com\/wp-content\/uploads\/2024\/03\/aboutus-2024_2.png\" \/>\n<meta name=\"twitter:card\" content=\"summary_large_image\" \/>\n<meta name=\"twitter:label1\" content=\"Est. reading time\" \/>\n\t<meta name=\"twitter:data1\" content=\"1 minute\" \/>\n<script type=\"application\/ld+json\" class=\"yoast-schema-graph\">{\"@context\":\"https:\/\/schema.org\",\"@graph\":[{\"@type\":\"WebPage\",\"@id\":\"https:\/\/wowboxgifts.com\/nosotros\/\",\"url\":\"https:\/\/wowboxgifts.com\/nosotros\/\",\"name\":\"Nosotros - wowboxgifts.com\",\"isPartOf\":{\"@id\":\"https:\/\/wowboxgifts.com\/en\/#website\"},\"primaryImageOfPage\":{\"@id\":\"https:\/\/wowboxgifts.com\/nosotros\/#primaryimage\"},\"image\":{\"@id\":\"https:\/\/wowboxgifts.com\/nosotros\/#primaryimage\"},\"thumbnailUrl\":\"http:\/\/wowboxgifts.com\/wp-content\/uploads\/2024\/03\/aboutus-2024_2.png\",\"datePublished\":\"2023-04-24T14:37:58+00:00\",\"dateModified\":\"2025-03-20T22:57:30+00:00\",\"breadcrumb\":{\"@id\":\"https:\/\/wowboxgifts.com\/nosotros\/#breadcrumb\"},\"inLanguage\":\"en-US\",\"potentialAction\":[{\"@type\":\"ReadAction\",\"target\":[\"https:\/\/wowboxgifts.com\/nosotros\/\"]}]},{\"@type\":\"ImageObject\",\"inLanguage\":\"en-US\",\"@id\":\"https:\/\/wowboxgifts.com\/nosotros\/#primaryimage\",\"url\":\"http:\/\/wowboxgifts.com\/wp-content\/uploads\/2024\/03\/aboutus-2024_2.png\",\"contentUrl\":\"http:\/\/wowboxgifts.com\/wp-content\/uploads\/2024\/03\/aboutus-2024_2.png\"},{\"@type\":\"BreadcrumbList\",\"@id\":\"https:\/\/wowboxgifts.com\/nosotros\/#breadcrumb\",\"itemListElement\":[{\"@type\":\"ListItem\",\"position\":1,\"name\":\"Inicio\",\"item\":\"https:\/\/wowboxgifts.com\/\"},{\"@type\":\"ListItem\",\"position\":2,\"name\":\"Nosotros\"}]},{\"@type\":\"WebSite\",\"@id\":\"https:\/\/wowboxgifts.com\/en\/#website\",\"url\":\"https:\/\/wowboxgifts.com\/en\/\",\"name\":\"wowboxgifts.com\",\"description\":\"\",\"publisher\":{\"@id\":\"https:\/\/wowboxgifts.com\/en\/#organization\"},\"potentialAction\":[{\"@type\":\"SearchAction\",\"target\":{\"@type\":\"EntryPoint\",\"urlTemplate\":\"https:\/\/wowboxgifts.com\/en\/?s={search_term_string}\"},\"query-input\":\"required name=search_term_string\"}],\"inLanguage\":\"en-US\"},{\"@type\":\"Organization\",\"@id\":\"https:\/\/wowboxgifts.com\/en\/#organization\",\"name\":\"wowboxgifts.com\",\"url\":\"https:\/\/wowboxgifts.com\/en\/\",\"logo\":{\"@type\":\"ImageObject\",\"inLanguage\":\"en-US\",\"@id\":\"https:\/\/wowboxgifts.com\/en\/#\/schema\/logo\/image\/\",\"url\":\"https:\/\/wowboxgifts.com\/wp-content\/uploads\/2025\/01\/wowbox-logo.png\",\"contentUrl\":\"https:\/\/wowboxgifts.com\/wp-content\/uploads\/2025\/01\/wowbox-logo.png\",\"width\":850,\"height\":757,\"caption\":\"wowboxgifts.com\"},\"image\":{\"@id\":\"https:\/\/wowboxgifts.com\/en\/#\/schema\/logo\/image\/\"}}]}<\/script>\n<!-- \/ Yoast SEO Premium plugin. -->","yoast_head_json":{"title":"Nosotros - wowboxgifts.com","robots":{"index":"index","follow":"follow","max-snippet":"max-snippet:-1","max-image-preview":"max-image-preview:large","max-video-preview":"max-video-preview:-1"},"canonical":"https:\/\/wowboxgifts.com\/en\/nosotros\/","og_locale":"en_US","og_type":"article","og_title":"Nosotros","og_description":"NUESTRA HISTORIA Hola, somos Cami y Geral, dos hermanas unidas por un sue\u00f1o y una pasi\u00f3n. En 2020, decidimos dejar atr\u00e1s el miedo y apostar por lo que realmente nos hac\u00eda felices: crear algo especial que transformara emociones en momentos inolvidables. As\u00ed naci\u00f3 WowBox Gifts. Siempre hemos cre\u00eddo que un regalo es m\u00e1s que un [&hellip;]","og_url":"https:\/\/wowboxgifts.com\/en\/nosotros\/","og_site_name":"wowboxgifts.com","article_modified_time":"2025-03-20T22:57:30+00:00","og_image":[{"url":"http:\/\/wowboxgifts.com\/wp-content\/uploads\/2024\/03\/aboutus-2024_2.png"}],"twitter_card":"summary_large_image","twitter_misc":{"Est. reading time":"1 minute"},"schema":{"@context":"https:\/\/schema.org","@graph":[{"@type":"WebPage","@id":"https:\/\/wowboxgifts.com\/nosotros\/","url":"https:\/\/wowboxgifts.com\/nosotros\/","name":"Nosotros - wowboxgifts.com","isPartOf":{"@id":"https:\/\/wowboxgifts.com\/en\/#website"},"primaryImageOfPage":{"@id":"https:\/\/wowboxgifts.com\/nosotros\/#primaryimage"},"image":{"@id":"https:\/\/wowboxgifts.com\/nosotros\/#primaryimage"},"thumbnailUrl":"http:\/\/wowboxgifts.com\/wp-content\/uploads\/2024\/03\/aboutus-2024_2.png","datePublished":"2023-04-24T14:37:58+00:00","dateModified":"2025-03-20T22:57:30+00:00","breadcrumb":{"@id":"https:\/\/wowboxgifts.com\/nosotros\/#breadcrumb"},"inLanguage":"en-US","potentialAction":[{"@type":"ReadAction","target":["https:\/\/wowboxgifts.com\/nosotros\/"]}]},{"@type":"ImageObject","inLanguage":"en-US","@id":"https:\/\/wowboxgifts.com\/nosotros\/#primaryimage","url":"http:\/\/wowboxgifts.com\/wp-content\/uploads\/2024\/03\/aboutus-2024_2.png","contentUrl":"http:\/\/wowboxgifts.com\/wp-content\/uploads\/2024\/03\/aboutus-2024_2.png"},{"@type":"BreadcrumbList","@id":"https:\/\/wowboxgifts.com\/nosotros\/#breadcrumb","itemListElement":[{"@type":"ListItem","position":1,"name":"Inicio","item":"https:\/\/wowboxgifts.com\/"},{"@type":"ListItem","position":2,"name":"Nosotros"}]},{"@type":"WebSite","@id":"https:\/\/wowboxgifts.com\/en\/#website","url":"https:\/\/wowboxgifts.com\/en\/","name":"wowboxgifts.com","description":"","publisher":{"@id":"https:\/\/wowboxgifts.com\/en\/#organization"},"potentialAction":[{"@type":"SearchAction","target":{"@type":"EntryPoint","urlTemplate":"https:\/\/wowboxgifts.com\/en\/?s={search_term_string}"},"query-input":"required name=search_term_string"}],"inLanguage":"en-US"},{"@type":"Organization","@id":"https:\/\/wowboxgifts.com\/en\/#organization","name":"wowboxgifts.com","url":"https:\/\/wowboxgifts.com\/en\/","logo":{"@type":"ImageObject","inLanguage":"en-US","@id":"https:\/\/wowboxgifts.com\/en\/#\/schema\/logo\/image\/","url":"https:\/\/wowboxgifts.com\/wp-content\/uploads\/2025\/01\/wowbox-logo.png","contentUrl":"https:\/\/wowboxgifts.com\/wp-content\/uploads\/2025\/01\/wowbox-logo.png","width":850,"height":757,"caption":"wowboxgifts.com"},"image":{"@id":"https:\/\/wowboxgifts.com\/en\/#\/schema\/logo\/image\/"}}]}},"jetpack_sharing_enabled":true,"_links":{"self":[{"href":"https:\/\/wowboxgifts.com\/en\/wp-json\/wp\/v2\/pages\/45","targetHints":{"allow":["GET"]}}],"collection":[{"href":"https:\/\/wowboxgifts.com\/en\/wp-json\/wp\/v2\/pages"}],"about":[{"href":"https:\/\/wowboxgifts.com\/en\/wp-json\/wp\/v2\/types\/page"}],"author":[{"embeddable":true,"href":"https:\/\/wowboxgifts.com\/en\/wp-json\/wp\/v2\/users\/1"}],"replies":[{"embeddable":true,"href":"https:\/\/wowboxgifts.com\/en\/wp-json\/wp\/v2\/comments?post=45"}],"version-history":[{"count":27,"href":"https:\/\/wowboxgifts.com\/en\/wp-json\/wp\/v2\/pages\/45\/revisions"}],"predecessor-version":[{"id":3681,"href":"https:\/\/wowboxgifts.com\/en\/wp-json\/wp\/v2\/pages\/45\/revisions\/3681"}],"wp:attachment":[{"href":"https:\/\/wowboxgifts.com\/en\/wp-json\/wp\/v2\/media?parent=45"}],"curies":[{"name":"wp","href":"https:\/\/api.w.org\/{rel}","templated":true}]}}